{"id":3062,"date":"2019-10-21T07:42:41","date_gmt":"2019-10-21T07:42:41","guid":{"rendered":"https:\/\/elessi.nasatheme.com\/?page_id=3062"},"modified":"2026-03-29T00:04:08","modified_gmt":"2026-03-29T00:04:08","slug":"la-marque","status":"publish","type":"page","link":"https:\/\/vibranyum.com\/en\/la-marque\/","title":{"rendered":"LA MARQUE"},"content":{"rendered":"<div data-elementor-type=\"wp-page\" data-elementor-id=\"3062\" class=\"elementor elementor-3062\">\n\t\t\t\t<div class=\"elementor-element elementor-element-2f389824 e-con-full e-flex e-con e-parent\" data-id=\"2f389824\" data-element_type=\"container\" data-e-type=\"container\" data-settings=\"{&quot;background_background&quot;:&quot;classic&quot;}\">\n\t\t\t\t<div class=\"elementor-element elementor-element-9524a50 elementor-invisible elementor-widget elementor-widget-testimonial\" data-id=\"9524a50\" data-element_type=\"widget\" data-e-type=\"widget\" data-settings=\"{&quot;_animation&quot;:&quot;fadeInDown&quot;}\" data-widget_type=\"testimonial.default\">\n\t\t\t\t<div class=\"elementor-widget-container\">\n\t\t\t\t\t\t\t<div class=\"elementor-testimonial-wrapper\">\n\t\t\t\t\t\t\t<div class=\"elementor-testimonial-content\">VIBRANYUM est n\u00e9e d'une conviction simple : les super-h\u00e9ros ne vivent pas seulement dans les comics et sur les \u00e9crans. Ils sont en nous \u2014 et ils m\u00e9ritent d'\u00eatre habill\u00e9s \u00e0 leur mesure.<\/div>\n\t\t\t\n\t\t\t\t\t\t<div class=\"elementor-testimonial-meta\">\n\t\t\t\t<div class=\"elementor-testimonial-meta-inner\">\n\t\t\t\t\t\n\t\t\t\t\t\t\t\t\t\t<div class=\"elementor-testimonial-details\">\n\t\t\t\t\t\t\t\t\t\t\t\t\t\t\t\t\t\t\t\t<div class=\"elementor-testimonial-job\">alvin lesdel | fondateur de Vibranyum<\/div>\n\t\t\t\t\t\t\t\t\t\t\t\t\t<\/div>\n\t\t\t\t\t\t\t\t\t<\/div>\n\t\t\t<\/div>\n\t\t\t\t\t<\/div>\n\t\t\t\t\t\t<\/div>\n\t\t\t\t<\/div>\n\t\t\t\t<\/div>\n\t\t<div class=\"elementor-element elementor-element-efae814 e-flex e-con-boxed e-con e-parent\" data-id=\"efae814\" data-element_type=\"container\" data-e-type=\"container\">\n\t\t\t\t\t<div class=\"e-con-inner\">\n\t\t\t\t<div class=\"elementor-element elementor-element-7753272 elementor-invisible elementor-widget elementor-widget-heading\" data-id=\"7753272\" data-element_type=\"widget\" data-e-type=\"widget\" data-settings=\"{&quot;_animation&quot;:&quot;fadeInDown&quot;}\" data-widget_type=\"heading.default\">\n\t\t\t\t<div class=\"elementor-widget-container\">\n\t\t\t\t\t<h2 class=\"elementor-heading-title elementor-size-default\">il \u00e9tait une fois ... vibranyum<\/h2>\t\t\t\t<\/div>\n\t\t\t\t<\/div>\n\t\t\t\t\t<\/div>\n\t\t\t\t<\/div>\n\t\t<div class=\"elementor-element elementor-element-deaad5d e-flex e-con-boxed elementor-invisible e-con e-parent\" data-id=\"deaad5d\" data-element_type=\"container\" data-e-type=\"container\" data-settings=\"{&quot;background_background&quot;:&quot;classic&quot;,&quot;animation&quot;:&quot;fadeInDown&quot;}\">\n\t\t\t\t\t<div class=\"e-con-inner\">\n\t\t<div class=\"elementor-element elementor-element-8ed0429 e-flex e-con-boxed e-con e-child\" data-id=\"8ed0429\" data-element_type=\"container\" data-e-type=\"container\" data-settings=\"{&quot;background_background&quot;:&quot;classic&quot;}\">\n\t\t\t\t\t<div class=\"e-con-inner\">\n\t\t\t\t<div class=\"elementor-element elementor-element-f3d1364 elementor-widget elementor-widget-text-editor\" data-id=\"f3d1364\" data-element_type=\"widget\" data-e-type=\"widget\" data-widget_type=\"text-editor.default\">\n\t\t\t\t<div class=\"elementor-widget-container\">\n\t\t\t\t\t\t\t\t\t<p style=\"text-align: left;\"><span style=\"color: #999999;\">L&rsquo;origine<\/span><\/p><h2><span style=\"color: #000080;\">Une marque n\u00e9e entre deux univers<\/span><\/h2><div><span style=\"color: #000080;\">\u00a0<\/span><\/div><p>VIBRANYUM est n\u00e9e d&rsquo;une double passion : celle de la mode haute couture et celle des univers Marvel et DC Comics. Deux mondes que tout semblait opposer \u2014 la pr\u00e9ciosit\u00e9 du tissu et la puissance des personnages en cape \u2014 mais qui, dans notre vision, se compl\u00e8tent avec une \u00e9vidence troublante.<\/p><p>Pendant des ann\u00e9es, les fans de Marvel et DC n&rsquo;avaient que deux options : le t-shirt imprim\u00e9 bon march\u00e9 trouv\u00e9 en grande surface, ou le cosplay \u00e9labor\u00e9 r\u00e9serv\u00e9 aux conventions. Il manquait quelque chose entre les deux. Un espace o\u00f9 la passion devenait du style. Un endroit o\u00f9 Black Panther, Wonder Woman et Superman inspiraient de vraies pi\u00e8ces de mode \u2014 \u00e9labor\u00e9es, limit\u00e9es, portables au quotidien.<\/p><p>Cet espace, c&rsquo;est VIBRANYUM.<\/p><blockquote><p>\u00ab\u00a0Il manquait un pont entre la passion des super-h\u00e9ros et l&rsquo;\u00e9l\u00e9gance de la haute couture. Nous avons construit ce pont.\u00a0\u00bb<\/p><\/blockquote><p><cite>\u2014 VIBRANYUM, fondateur<\/cite><\/p><p><span style=\"color: #999999;\">\u00a0<\/span><\/p><p><span style=\"color: #999999;\"> La vision<\/span><\/p><h2><span style=\"color: #000080;\">La mode comme superpouvoir<\/span><\/h2><p>Chez VIBRANYUM, nous croyons que ce que vous portez dit quelque chose de profond sur qui vous \u00eates. Pas un logo de marque. Pas un slogan. Une \u00e9nergie. Une appartenance. Une force int\u00e9rieure que vous choisissez de rendre visible.<\/p><p>C&rsquo;est exactement ce que font les super-h\u00e9ros dans les films que nous aimons : leur tenue est une extension de leur identit\u00e9. L&rsquo;armure de Black Panther n&rsquo;est pas un costume \u2014 c&rsquo;est la manifestation physique de sa royaut\u00e9, de sa puissance, de son h\u00e9ritage. La cape de Wonder Woman n&rsquo;est pas un accessoire \u2014 c&rsquo;est sa d\u00e9claration d&rsquo;ind\u00e9pendance face au monde.<\/p><p>Nos v\u00eatements sont con\u00e7us avec cette philosophie. Chaque coupe, chaque reflet, chaque finition est pens\u00e9 pour que celui ou celle qui porte une pi\u00e8ce VIBRANYUM ressente ce frisson \u2014 cette certitude tranquille d&rsquo;\u00eatre \u00e0 sa place, exactement l\u00e0 o\u00f9 il le faut.<\/p><p>\u00a0<\/p><p><span style=\"color: #999999;\">Nos valeurs<\/span><\/p><h2><span style=\"color: #333399;\">Ce qui nous d\u00e9finit<\/span><\/h2><div class=\"value-card\"><div class=\"value-num\">01<\/div><h3>L&rsquo;exception avant tout<\/h3><p>Chaque pi\u00e8ce VIBRANYUM est une \u00e9dition limit\u00e9e. Pas de r\u00e9assort, pas de surproduction. Ce que vous portez, peu de gens dans le monde le porteront.<\/p><p>\u00a0<\/p><\/div><div class=\"value-card\"><div class=\"value-num\">02<\/div><h3>La passion comme mati\u00e8re<\/h3><p>Nous ne fabriquons pas des v\u00eatements avec des personnages dessus. Nous cr\u00e9ons des pi\u00e8ces nourries par l&rsquo;amour sinc\u00e8re de l&rsquo;univers Marvel, DC et de toute la culture super-h\u00e9ros.<\/p><p>\u00a0<\/p><\/div><div class=\"value-card\"><div class=\"value-num\">03<\/div><h3>Le style sans compromis<\/h3><p>Fan culture et haute couture ne sont pas des contraires. VIBRANYUM refuse ce faux choix. Chaque pi\u00e8ce doit \u00eatre port\u00e9e fi\u00e8rement, aussi bien en soir\u00e9e que lors d&rsquo;un \u00e9v\u00e9nement.<\/p><\/div><div>\u00a0<\/div><div>\u00a0<\/div><div class=\"section-eyebrow\"><span style=\"color: #999999;\">L&rsquo;esth\u00e9tique<\/span><\/div><div><h2><span style=\"color: #333399;\">Le futurisme rencontre la haute couture<\/span><\/h2><p>L&rsquo;univers visuel de VIBRANYUM puise ses racines dans deux courants esth\u00e9tiques majeurs. D&rsquo;un c\u00f4t\u00e9, l&rsquo;afro-futurisme \u2014 ce mouvement artistique et culturel qui imagine des futurs africains technologiquement avanc\u00e9s, magnifiquement illustr\u00e9 par l&rsquo;univers de Black Panther et Wakanda. De l&rsquo;autre, le language visuel des super-h\u00e9ros DC : lignes \u00e9pur\u00e9es, symboles forts, palette contrast\u00e9e.<\/p><p>De cette rencontre na\u00eet quelque chose d&rsquo;unique : une mode qui c\u00e9l\u00e8bre la diversit\u00e9 des univers, qui m\u00eale les textures m\u00e9talliques du vibranium imaginaire aux drap\u00e9s royaux des Amazones, les cargos tactiques des combattants de Wakanda aux silhouettes \u00e9lanc\u00e9es de la Justice League.<\/p><p>Or. Argent. Noir profond. Ce sont les trois couleurs fondamentales de VIBRANYUM \u2014 trois teintes qui traversent l&rsquo;ensemble des deux collections et cr\u00e9ent cette coh\u00e9rence visuelle imm\u00e9diatement reconnaissable.<\/p><\/div><p>\u00a0<\/p><p>\u00a0<\/p><p><span style=\"color: #999999;\">Le positionnement<\/span><\/p><h2><span style=\"color: #333399;\">Pourquoi des pi\u00e8ces d&rsquo;exception ?<\/span><\/h2><p>Chez VIBRANYUM, nous travaillons exclusivement avec des mati\u00e8res premium \u2014 des tissus techniques \u00e0 reflets m\u00e9talliques, des mati\u00e8res fluides de qualit\u00e9 sup\u00e9rieure, des finitions coutures invisibles. Chaque pi\u00e8ce passe par un processus de cr\u00e9ation rigoureux qui la rapproche davantage de la haute couture que du pr\u00eat-\u00e0-porter de masse.<\/p><p>Et surtout : nos pi\u00e8ces sont des \u00e9ditions limit\u00e9es. Lorsqu&rsquo;elles sont \u00e9puis\u00e9es, elles ne reviennent pas. Ce que vous achetez chez VIBRANYUM, vous \u00eates parmi les rares \u00e0 le poss\u00e9der \u2014 une exclusivit\u00e9 qui a une valeur r\u00e9elle, pour des pi\u00e8ces qui durent.<\/p>\t\t\t\t\t\t\t\t<\/div>\n\t\t\t\t<\/div>\n\t\t\t\t\t<\/div>\n\t\t\t\t<\/div>\n\t\t\t\t\t<\/div>\n\t\t\t\t<\/div>\n\t\t<div class=\"elementor-element elementor-element-f2fdf5d e-flex e-con-boxed e-con e-parent\" data-id=\"f2fdf5d\" data-element_type=\"container\" data-e-type=\"container\">\n\t\t\t\t\t<div class=\"e-con-inner\">\n\t\t\t\t<div class=\"elementor-element elementor-element-05ea615 elementor-widget__width-auto elementor-align-center elementor-invisible elementor-widget elementor-widget-button\" data-id=\"05ea615\" data-element_type=\"widget\" data-e-type=\"widget\" data-settings=\"{&quot;_animation&quot;:&quot;fadeInDown&quot;}\" data-widget_type=\"button.default\">\n\t\t\t\t<div class=\"elementor-widget-container\">\n\t\t\t\t\t\t\t\t\t<div class=\"elementor-button-wrapper\">\n\t\t\t\t\t<a class=\"elementor-button elementor-button-link elementor-size-md\" href=\"https:\/\/vibranyum.com\/en\/shop\/\">\n\t\t\t\t\t\t<span class=\"elementor-button-content-wrapper\">\n\t\t\t\t\t\t\t\t\t<span class=\"elementor-button-text\">D\u00e9couvrir la collection<\/span>\n\t\t\t\t\t<\/span>\n\t\t\t\t\t<\/a>\n\t\t\t\t<\/div>\n\t\t\t\t\t\t\t\t<\/div>\n\t\t\t\t<\/div>\n\t\t\t\t\t<\/div>\n\t\t\t\t<\/div>\n\t\t<div class=\"elementor-element elementor-element-bc00426 e-flex e-con-boxed elementor-invisible e-con e-child\" data-id=\"bc00426\" data-element_type=\"container\" data-e-type=\"container\" data-settings=\"{&quot;background_background&quot;:&quot;classic&quot;,&quot;animation&quot;:&quot;fadeInDown&quot;}\">\n\t\t\t\t\t<div class=\"e-con-inner\">\n\t\t<div class=\"elementor-element elementor-element-b43faa3 e-con-full e-flex e-con e-child\" data-id=\"b43faa3\" data-element_type=\"container\" data-e-type=\"container\">\n\t\t\t\t<div class=\"elementor-element elementor-element-4c3ca8e3 elementor-widget elementor-widget-heading\" data-id=\"4c3ca8e3\" data-element_type=\"widget\" data-e-type=\"widget\" data-widget_type=\"heading.default\">\n\t\t\t\t<div class=\"elementor-widget-container\">\n\t\t\t\t\t<h3 class=\"elementor-heading-title elementor-size-default\">unlock your inner hero<\/h3>\t\t\t\t<\/div>\n\t\t\t\t<\/div>\n\t\t\t\t<div class=\"elementor-element elementor-element-4f66d996 elementor-widget elementor-widget-text-editor\" data-id=\"4f66d996\" data-element_type=\"widget\" data-e-type=\"widget\" data-widget_type=\"text-editor.default\">\n\t\t\t\t<div class=\"elementor-widget-container\">\n\t\t\t\t\t\t\t\t\t<p style=\"text-align: left;\">VIBRANYUM est n\u00e9e pour ceux qui vivent pleinement leur passion \u2014 sans s&rsquo;excuser, sans se cacher, sans sacrifier leur style.\u00a0<\/p><p style=\"text-align: left;\">Pour ceux qui, chaque matin en s&rsquo;habillant, font un choix. Un choix de qui ils sont, de ce qu&rsquo;ils aiment, de la fa\u00e7on dont ils veulent traverser le monde.<\/p>\t\t\t\t\t\t\t\t<\/div>\n\t\t\t\t<\/div>\n\t\t<div class=\"elementor-element elementor-element-5758b8dc e-flex e-con-boxed e-con e-child\" data-id=\"5758b8dc\" data-element_type=\"container\" data-e-type=\"container\">\n\t\t\t\t\t<div class=\"e-con-inner\">\n\t\t\t\t<div class=\"elementor-element elementor-element-78c1fd2f elementor-widget__width-auto elementor-align-right elementor-widget elementor-widget-button\" data-id=\"78c1fd2f\" data-element_type=\"widget\" data-e-type=\"widget\" data-widget_type=\"button.default\">\n\t\t\t\t<div class=\"elementor-widget-container\">\n\t\t\t\t\t\t\t\t\t<div class=\"elementor-button-wrapper\">\n\t\t\t\t\t<a class=\"elementor-button elementor-button-link elementor-size-sm\" href=\"https:\/\/vibranyum.com\/en\/product-category\/man\/\">\n\t\t\t\t\t\t<span class=\"elementor-button-content-wrapper\">\n\t\t\t\t\t\t\t\t\t<span class=\"elementor-button-text\">vibraman<\/span>\n\t\t\t\t\t<\/span>\n\t\t\t\t\t<\/a>\n\t\t\t\t<\/div>\n\t\t\t\t\t\t\t\t<\/div>\n\t\t\t\t<\/div>\n\t\t\t\t<div class=\"elementor-element elementor-element-22840932 elementor-widget__width-auto elementor-align-right elementor-widget elementor-widget-button\" data-id=\"22840932\" data-element_type=\"widget\" data-e-type=\"widget\" data-widget_type=\"button.default\">\n\t\t\t\t<div class=\"elementor-widget-container\">\n\t\t\t\t\t\t\t\t\t<div class=\"elementor-button-wrapper\">\n\t\t\t\t\t<a class=\"elementor-button elementor-button-link elementor-size-sm\" href=\"https:\/\/vibranyum.com\/en\/product-category\/woman\/\">\n\t\t\t\t\t\t<span class=\"elementor-button-content-wrapper\">\n\t\t\t\t\t\t\t\t\t<span class=\"elementor-button-text\">vibrawoman<\/span>\n\t\t\t\t\t<\/span>\n\t\t\t\t\t<\/a>\n\t\t\t\t<\/div>\n\t\t\t\t\t\t\t\t<\/div>\n\t\t\t\t<\/div>\n\t\t\t\t\t<\/div>\n\t\t\t\t<\/div>\n\t\t\t\t<\/div>\n\t\t\t\t\t<\/div>\n\t\t\t\t<\/div>\n\t\t<div class=\"elementor-element elementor-element-95aab29 e-flex e-con-boxed e-con e-parent\" data-id=\"95aab29\" data-element_type=\"container\" data-e-type=\"container\">\n\t\t\t\t\t<div class=\"e-con-inner\">\n\t\t<div class=\"elementor-element elementor-element-687edc1 e-con-full e-flex e-con e-child\" data-id=\"687edc1\" data-element_type=\"container\" data-e-type=\"container\">\n\t\t\t\t<\/div>\n\t\t\t\t\t<\/div>\n\t\t\t\t<\/div>\n\t\t<div class=\"elementor-element elementor-element-2ad881c e-flex e-con-boxed e-con e-parent\" data-id=\"2ad881c\" data-element_type=\"container\" data-e-type=\"container\">\n\t\t\t\t\t<div class=\"e-con-inner\">\n\t\t\t\t<div class=\"elementor-element elementor-element-92a01d5 elementor-widget elementor-widget-text-editor\" data-id=\"92a01d5\" data-element_type=\"widget\" data-e-type=\"widget\" data-widget_type=\"text-editor.default\">\n\t\t\t\t<div class=\"elementor-widget-container\">\n\t\t\t\t\t\t\t\t\t<p>VIBRANYUM est une marque de mode haute couture fran\u00e7aise sp\u00e9cialis\u00e9e dans la cr\u00e9ation de v\u00eatements inspir\u00e9s de l&rsquo;univers des super-h\u00e9ros Marvel et DC Comics. Nos deux collections \u2014 VIBRAMAN pour homme et VIBRAWOMAN pour femme \u2014 rassemblent des pi\u00e8ces exclusives en \u00e9dition limit\u00e9e : t-shirts \u00e0 reflets m\u00e9talliques inspir\u00e9s de Black Panther et Superman, tops asym\u00e9triques \u00e9voquant Wonder Woman et les guerri\u00e8res de Wakanda, pantalons cargo multi-poches aux finitions or et argent. Chaque cr\u00e9ation VIBRANYUM est une pi\u00e8ce de mode haute couture qui c\u00e9l\u00e8bre la culture super-h\u00e9ros avec \u00e9l\u00e9gance \u2014 loin du fast fashion, proche de l&rsquo;exception.<\/p>\t\t\t\t\t\t\t\t<\/div>\n\t\t\t\t<\/div>\n\t\t\t\t\t<\/div>\n\t\t\t\t<\/div>\n\t\t\t\t<\/div>","protected":false},"excerpt":{"rendered":"<p>VIBRANYUM est n\u00e9e d&rsquo;une conviction simple : les super-h\u00e9ros ne vivent pas seulement dans les comics et sur les \u00e9crans. Ils sont en nous \u2014 et ils m\u00e9ritent d&rsquo;\u00eatre habill\u00e9s \u00e0 leur mesure. alvin lesdel | fondateur de Vibranyum il \u00e9tait une fois &#8230; vibranyum L&rsquo;origine Une marque n\u00e9e entre deux univers \u00a0 VIBRANYUM est [&hellip;]<\/p>\n","protected":false},"author":1,"featured_media":4516,"parent":0,"menu_order":0,"comment_status":"closed","ping_status":"closed","template":"","meta":{"_mo_disable_npp":"","footnotes":""},"class_list":["post-3062","page","type-page","status-publish","has-post-thumbnail","hentry"],"yoast_head":"<!-- This site is optimized with the Yoast SEO plugin v27.4 - https:\/\/yoast.com\/product\/yoast-seo-wordpress\/ -->\n<title>La Marque Vibranyum \u2013 Mode Haute Couture Inspir\u00e9e des Super-H\u00e9ros Marvel &amp; DC<\/title>\n<meta name=\"description\" content=\"D\u00e9couvrez l&#039;histoire de Vibranyum, la marque qui transforme l&#039;univers des super-h\u00e9ros Marvel et DC en mode haute couture. Notre vision, nos valeurs, nos collections VIBRAMAN &amp; VIBRAWOMAN.\" \/>\n<meta name=\"robots\" content=\"index, follow, max-snippet:-1, max-image-preview:large, max-video-preview:-1\" \/>\n<link rel=\"canonical\" href=\"https:\/\/vibranyum.com\/en\/la-marque\/\" \/>\n<meta property=\"og:locale\" content=\"en_US\" \/>\n<meta property=\"og:type\" content=\"article\" \/>\n<meta property=\"og:title\" content=\"La Marque Vibranyum \u2013 Mode Haute Couture Inspir\u00e9e des Super-H\u00e9ros Marvel &amp; DC\" \/>\n<meta property=\"og:description\" content=\"D\u00e9couvrez l&#039;histoire de Vibranyum, la marque qui transforme l&#039;univers des super-h\u00e9ros Marvel et DC en mode haute couture. Notre vision, nos valeurs, nos collections VIBRAMAN &amp; VIBRAWOMAN.\" \/>\n<meta property=\"og:url\" content=\"https:\/\/vibranyum.com\/en\/la-marque\/\" \/>\n<meta property=\"og:site_name\" content=\"Vibranyum\" \/>\n<meta property=\"article:publisher\" content=\"https:\/\/www.facebook.com\/vibranyumofficial\" \/>\n<meta property=\"article:modified_time\" content=\"2026-03-29T00:04:08+00:00\" \/>\n<meta property=\"og:image\" content=\"https:\/\/vibranyum.com\/wp-content\/uploads\/2024\/02\/PHOTO-2024-02-28-18-30-49.jpg\" \/>\n\t<meta property=\"og:image:width\" content=\"1168\" \/>\n\t<meta property=\"og:image:height\" content=\"1752\" \/>\n\t<meta property=\"og:image:type\" content=\"image\/jpeg\" \/>\n<meta name=\"twitter:card\" content=\"summary_large_image\" \/>\n<meta name=\"twitter:label1\" content=\"Est. reading time\" \/>\n\t<meta name=\"twitter:data1\" content=\"4 minutes\" \/>\n<script type=\"application\/ld+json\" class=\"yoast-schema-graph\">{\"@context\":\"https:\\\/\\\/schema.org\",\"@graph\":[{\"@type\":\"WebPage\",\"@id\":\"https:\\\/\\\/vibranyum.com\\\/la-marque\\\/\",\"url\":\"https:\\\/\\\/vibranyum.com\\\/la-marque\\\/\",\"name\":\"La Marque Vibranyum \u2013 Mode Haute Couture Inspir\u00e9e des Super-H\u00e9ros Marvel & DC\",\"isPartOf\":{\"@id\":\"https:\\\/\\\/vibranyum.com\\\/#website\"},\"primaryImageOfPage\":{\"@id\":\"https:\\\/\\\/vibranyum.com\\\/la-marque\\\/#primaryimage\"},\"image\":{\"@id\":\"https:\\\/\\\/vibranyum.com\\\/la-marque\\\/#primaryimage\"},\"thumbnailUrl\":\"https:\\\/\\\/vibranyum.com\\\/wp-content\\\/uploads\\\/2024\\\/02\\\/PHOTO-2024-02-28-18-30-49.jpg\",\"datePublished\":\"2019-10-21T07:42:41+00:00\",\"dateModified\":\"2026-03-29T00:04:08+00:00\",\"description\":\"D\u00e9couvrez l'histoire de Vibranyum, la marque qui transforme l'univers des super-h\u00e9ros Marvel et DC en mode haute couture. Notre vision, nos valeurs, nos collections VIBRAMAN & VIBRAWOMAN.\",\"breadcrumb\":{\"@id\":\"https:\\\/\\\/vibranyum.com\\\/la-marque\\\/#breadcrumb\"},\"inLanguage\":\"en-US\",\"potentialAction\":[{\"@type\":\"ReadAction\",\"target\":[\"https:\\\/\\\/vibranyum.com\\\/la-marque\\\/\"]}]},{\"@type\":\"ImageObject\",\"inLanguage\":\"en-US\",\"@id\":\"https:\\\/\\\/vibranyum.com\\\/la-marque\\\/#primaryimage\",\"url\":\"https:\\\/\\\/vibranyum.com\\\/wp-content\\\/uploads\\\/2024\\\/02\\\/PHOTO-2024-02-28-18-30-49.jpg\",\"contentUrl\":\"https:\\\/\\\/vibranyum.com\\\/wp-content\\\/uploads\\\/2024\\\/02\\\/PHOTO-2024-02-28-18-30-49.jpg\",\"width\":1168,\"height\":1752},{\"@type\":\"BreadcrumbList\",\"@id\":\"https:\\\/\\\/vibranyum.com\\\/la-marque\\\/#breadcrumb\",\"itemListElement\":[{\"@type\":\"ListItem\",\"position\":1,\"name\":\"Accueil\",\"item\":\"https:\\\/\\\/vibranyum.com\\\/\"},{\"@type\":\"ListItem\",\"position\":2,\"name\":\"LA MARQUE\"}]},{\"@type\":\"WebSite\",\"@id\":\"https:\\\/\\\/vibranyum.com\\\/#website\",\"url\":\"https:\\\/\\\/vibranyum.com\\\/\",\"name\":\"Vibranyum\",\"description\":\"Vibranyum.com\",\"publisher\":{\"@id\":\"https:\\\/\\\/vibranyum.com\\\/#organization\"},\"potentialAction\":[{\"@type\":\"SearchAction\",\"target\":{\"@type\":\"EntryPoint\",\"urlTemplate\":\"https:\\\/\\\/vibranyum.com\\\/?s={search_term_string}\"},\"query-input\":{\"@type\":\"PropertyValueSpecification\",\"valueRequired\":true,\"valueName\":\"search_term_string\"}}],\"inLanguage\":\"en-US\"},{\"@type\":\"Organization\",\"@id\":\"https:\\\/\\\/vibranyum.com\\\/#organization\",\"name\":\"Vibranyum\",\"url\":\"https:\\\/\\\/vibranyum.com\\\/\",\"logo\":{\"@type\":\"ImageObject\",\"inLanguage\":\"en-US\",\"@id\":\"https:\\\/\\\/vibranyum.com\\\/#\\\/schema\\\/logo\\\/image\\\/\",\"url\":\"https:\\\/\\\/vibranyum.com\\\/wp-content\\\/uploads\\\/2023\\\/11\\\/Vibranyum-World-Ft@3x-e1708513387276.png\",\"contentUrl\":\"https:\\\/\\\/vibranyum.com\\\/wp-content\\\/uploads\\\/2023\\\/11\\\/Vibranyum-World-Ft@3x-e1708513387276.png\",\"width\":5760,\"height\":1123,\"caption\":\"Vibranyum\"},\"image\":{\"@id\":\"https:\\\/\\\/vibranyum.com\\\/#\\\/schema\\\/logo\\\/image\\\/\"},\"sameAs\":[\"https:\\\/\\\/www.facebook.com\\\/vibranyumofficial\",\"https:\\\/\\\/www.instagram.com\\\/vibranyumofficial\\\/\",\"https:\\\/\\\/pin.it\\\/5TDB3gDw1\",\"https:\\\/\\\/www.tiktok.com\\\/@vibranyum\",\"https:\\\/\\\/www.youtube.com\\\/@vibranyumofficial\"]}]}<\/script>\n<!-- \/ Yoast SEO plugin. -->","yoast_head_json":{"title":"La Marque Vibranyum \u2013 Mode Haute Couture Inspir\u00e9e des Super-H\u00e9ros Marvel & DC","description":"D\u00e9couvrez l'histoire de Vibranyum, la marque qui transforme l'univers des super-h\u00e9ros Marvel et DC en mode haute couture. Notre vision, nos valeurs, nos collections VIBRAMAN & VIBRAWOMAN.","robots":{"index":"index","follow":"follow","max-snippet":"max-snippet:-1","max-image-preview":"max-image-preview:large","max-video-preview":"max-video-preview:-1"},"canonical":"https:\/\/vibranyum.com\/en\/la-marque\/","og_locale":"en_US","og_type":"article","og_title":"La Marque Vibranyum \u2013 Mode Haute Couture Inspir\u00e9e des Super-H\u00e9ros Marvel & DC","og_description":"D\u00e9couvrez l'histoire de Vibranyum, la marque qui transforme l'univers des super-h\u00e9ros Marvel et DC en mode haute couture. Notre vision, nos valeurs, nos collections VIBRAMAN & VIBRAWOMAN.","og_url":"https:\/\/vibranyum.com\/en\/la-marque\/","og_site_name":"Vibranyum","article_publisher":"https:\/\/www.facebook.com\/vibranyumofficial","article_modified_time":"2026-03-29T00:04:08+00:00","og_image":[{"width":1168,"height":1752,"url":"https:\/\/vibranyum.com\/wp-content\/uploads\/2024\/02\/PHOTO-2024-02-28-18-30-49.jpg","type":"image\/jpeg"}],"twitter_card":"summary_large_image","twitter_misc":{"Est. reading time":"4 minutes"},"schema":{"@context":"https:\/\/schema.org","@graph":[{"@type":"WebPage","@id":"https:\/\/vibranyum.com\/la-marque\/","url":"https:\/\/vibranyum.com\/la-marque\/","name":"La Marque Vibranyum \u2013 Mode Haute Couture Inspir\u00e9e des Super-H\u00e9ros Marvel & DC","isPartOf":{"@id":"https:\/\/vibranyum.com\/#website"},"primaryImageOfPage":{"@id":"https:\/\/vibranyum.com\/la-marque\/#primaryimage"},"image":{"@id":"https:\/\/vibranyum.com\/la-marque\/#primaryimage"},"thumbnailUrl":"https:\/\/vibranyum.com\/wp-content\/uploads\/2024\/02\/PHOTO-2024-02-28-18-30-49.jpg","datePublished":"2019-10-21T07:42:41+00:00","dateModified":"2026-03-29T00:04:08+00:00","description":"D\u00e9couvrez l'histoire de Vibranyum, la marque qui transforme l'univers des super-h\u00e9ros Marvel et DC en mode haute couture. Notre vision, nos valeurs, nos collections VIBRAMAN & VIBRAWOMAN.","breadcrumb":{"@id":"https:\/\/vibranyum.com\/la-marque\/#breadcrumb"},"inLanguage":"en-US","potentialAction":[{"@type":"ReadAction","target":["https:\/\/vibranyum.com\/la-marque\/"]}]},{"@type":"ImageObject","inLanguage":"en-US","@id":"https:\/\/vibranyum.com\/la-marque\/#primaryimage","url":"https:\/\/vibranyum.com\/wp-content\/uploads\/2024\/02\/PHOTO-2024-02-28-18-30-49.jpg","contentUrl":"https:\/\/vibranyum.com\/wp-content\/uploads\/2024\/02\/PHOTO-2024-02-28-18-30-49.jpg","width":1168,"height":1752},{"@type":"BreadcrumbList","@id":"https:\/\/vibranyum.com\/la-marque\/#breadcrumb","itemListElement":[{"@type":"ListItem","position":1,"name":"Accueil","item":"https:\/\/vibranyum.com\/"},{"@type":"ListItem","position":2,"name":"LA MARQUE"}]},{"@type":"WebSite","@id":"https:\/\/vibranyum.com\/#website","url":"https:\/\/vibranyum.com\/","name":"Vibranyum","description":"Vibranyum.com","publisher":{"@id":"https:\/\/vibranyum.com\/#organization"},"potentialAction":[{"@type":"SearchAction","target":{"@type":"EntryPoint","urlTemplate":"https:\/\/vibranyum.com\/?s={search_term_string}"},"query-input":{"@type":"PropertyValueSpecification","valueRequired":true,"valueName":"search_term_string"}}],"inLanguage":"en-US"},{"@type":"Organization","@id":"https:\/\/vibranyum.com\/#organization","name":"Vibranyum","url":"https:\/\/vibranyum.com\/","logo":{"@type":"ImageObject","inLanguage":"en-US","@id":"https:\/\/vibranyum.com\/#\/schema\/logo\/image\/","url":"https:\/\/vibranyum.com\/wp-content\/uploads\/2023\/11\/Vibranyum-World-Ft@3x-e1708513387276.png","contentUrl":"https:\/\/vibranyum.com\/wp-content\/uploads\/2023\/11\/Vibranyum-World-Ft@3x-e1708513387276.png","width":5760,"height":1123,"caption":"Vibranyum"},"image":{"@id":"https:\/\/vibranyum.com\/#\/schema\/logo\/image\/"},"sameAs":["https:\/\/www.facebook.com\/vibranyumofficial","https:\/\/www.instagram.com\/vibranyumofficial\/","https:\/\/pin.it\/5TDB3gDw1","https:\/\/www.tiktok.com\/@vibranyum","https:\/\/www.youtube.com\/@vibranyumofficial"]}]}},"jetpack_sharing_enabled":true,"_links":{"self":[{"href":"https:\/\/vibranyum.com\/en\/wp-json\/wp\/v2\/pages\/3062","targetHints":{"allow":["GET"]}}],"collection":[{"href":"https:\/\/vibranyum.com\/en\/wp-json\/wp\/v2\/pages"}],"about":[{"href":"https:\/\/vibranyum.com\/en\/wp-json\/wp\/v2\/types\/page"}],"author":[{"embeddable":true,"href":"https:\/\/vibranyum.com\/en\/wp-json\/wp\/v2\/users\/1"}],"replies":[{"embeddable":true,"href":"https:\/\/vibranyum.com\/en\/wp-json\/wp\/v2\/comments?post=3062"}],"version-history":[{"count":109,"href":"https:\/\/vibranyum.com\/en\/wp-json\/wp\/v2\/pages\/3062\/revisions"}],"predecessor-version":[{"id":5235,"href":"https:\/\/vibranyum.com\/en\/wp-json\/wp\/v2\/pages\/3062\/revisions\/5235"}],"wp:featuredmedia":[{"embeddable":true,"href":"https:\/\/vibranyum.com\/en\/wp-json\/wp\/v2\/media\/4516"}],"wp:attachment":[{"href":"https:\/\/vibranyum.com\/en\/wp-json\/wp\/v2\/media?parent=3062"}],"curies":[{"name":"wp","href":"https:\/\/api.w.org\/{rel}","templated":true}]}}