{"id":4205,"date":"2024-01-18T12:33:42","date_gmt":"2024-01-18T12:33:42","guid":{"rendered":"https:\/\/vibranyum.com\/?page_id=4205"},"modified":"2024-03-04T22:41:05","modified_gmt":"2024-03-04T22:41:05","slug":"mentions-legales","status":"publish","type":"page","link":"https:\/\/vibranyum.com\/en\/mentions-legales\/","title":{"rendered":"mentions l\u00e9gales"},"content":{"rendered":"<div data-elementor-type=\"wp-page\" data-elementor-id=\"4205\" class=\"elementor elementor-4205\">\n\t\t\t\t<div class=\"elementor-element elementor-element-79f4341c e-flex e-con-boxed e-con e-parent\" data-id=\"79f4341c\" data-element_type=\"container\" data-e-type=\"container\">\n\t\t\t\t\t<div class=\"e-con-inner\">\n\t\t\t\t<div class=\"elementor-element elementor-element-4317f6ea elementor-widget elementor-widget-text-editor\" data-id=\"4317f6ea\" data-element_type=\"widget\" data-e-type=\"widget\" data-widget_type=\"text-editor.default\">\n\t\t\t\t<div class=\"elementor-widget-container\">\n\t\t\t\t\t\t\t\t\t<p class=\"p1\" style=\"padding-left: 40px; text-align: left;\">Vous \u00eates actuellement connect\u00e9 au site web www.vibranyum.com de la soci\u00e9t\u00e9 Vibranyum.<\/p><h3 class=\"p1\" style=\"padding-left: 40px; text-align: left;\"><b>informations g\u00e9n\u00e9rales &#8211; identification de l&rsquo;\u00e9diteur du site<\/b><\/h3><p class=\"p1\" style=\"padding-left: 40px; text-align: left;\">VIBRANYUM, Soci\u00e9t\u00e9 \u00e0 Responsabilit\u00e9 limit\u00e9e<br \/>Si\u00e8ge social 58, rue du B\u00e9arn, 54400 Cosnes-et-Romain \u2013 France<br \/>Capital de 100 euros<br \/>RCS de Val de Briey n\u00b0 953 147 832<br \/>N\u00b0 de TVA Intracommunautaire : FR05 953 147832<br \/>Num\u00e9ro de t\u00e9l\u00e9phone :\u00a0+33 6 61 40 74 33<br \/>E-mail :\u00a0<a href=\"mailto:contact@customercare.balmain.com\"><span class=\"s1\">contact(@)vibranyum.com<\/span><\/a><\/p><p class=\"p1\" style=\"padding-left: 40px; text-align: left;\">Responsable de la publication : Alvin Lesdel, g\u00e9rant &#8211; VIBRANYUM EURL<\/p><p class=\"p1\" style=\"padding-left: 40px; text-align: left;\"><b>identification de l\u2019h\u00e9bergeur du site<br \/><\/b>Le site est h\u00e9berg\u00e9 par :\u00a0<a href=\"http:\/\/www.ionos.fr\" target=\"_blank\" rel=\"noopener\"><span class=\"s1\">1&amp;1 IONOS SARL<\/span><\/a><br \/>Si\u00e8ge principal : 7 place de la gare BP 70109 57200 Sarreguemines Cedex<br \/>Num\u00e9ro de t\u00e9l\u00e9phone :\u00a0<a href=\"tel:09%2070%2080%2089%2011\"><span class=\"s1\">09 70 80 89 11<\/span><\/a><b><br \/><\/b><\/p><p class=\"p1\" style=\"padding-left: 40px; text-align: left;\">Adresse e-mail :\u00a0<a href=\"mailto:info@ionos.fr\"><span class=\"s2\">info@ionos.fr<\/span><\/a><br \/>Signaler un abus :\u00a0<a href=\"mailto:litiges@ionos.fr\"><span class=\"s3\">litiges@ionos.fr<\/span><\/a><\/p><p>\u00a0<\/p>\t\t\t\t\t\t\t\t<\/div>\n\t\t\t\t<\/div>\n\t\t\t\t\t<\/div>\n\t\t\t\t<\/div>\n\t\t\t\t<\/div>","protected":false},"excerpt":{"rendered":"<p>Vous \u00eates actuellement connect\u00e9 au site web www.vibranyum.com de la soci\u00e9t\u00e9 Vibranyum. informations g\u00e9n\u00e9rales &#8211; identification de l&rsquo;\u00e9diteur du site VIBRANYUM, Soci\u00e9t\u00e9 \u00e0 Responsabilit\u00e9 limit\u00e9eSi\u00e8ge social 58, rue du B\u00e9arn, 54400 Cosnes-et-Romain \u2013 FranceCapital de 100 eurosRCS de Val de Briey n\u00b0 953 147 832N\u00b0 de TVA Intracommunautaire : FR05 953 147832Num\u00e9ro de t\u00e9l\u00e9phone :\u00a0+33 [&hellip;]<\/p>\n","protected":false},"author":1,"featured_media":4604,"parent":0,"menu_order":0,"comment_status":"closed","ping_status":"closed","template":"","meta":{"_mo_disable_npp":"","footnotes":""},"class_list":["post-4205","page","type-page","status-publish","has-post-thumbnail","hentry"],"yoast_head":"<!-- This site is optimized with the Yoast SEO plugin v27.4 - https:\/\/yoast.com\/product\/yoast-seo-wordpress\/ -->\n<title>mentions l\u00e9gales - Vibranyum<\/title>\n<meta name=\"robots\" content=\"index, follow, max-snippet:-1, max-image-preview:large, max-video-preview:-1\" \/>\n<link rel=\"canonical\" href=\"https:\/\/vibranyum.com\/en\/mentions-legales\/\" \/>\n<meta property=\"og:locale\" content=\"en_US\" \/>\n<meta property=\"og:type\" content=\"article\" \/>\n<meta property=\"og:title\" content=\"mentions l\u00e9gales - Vibranyum\" \/>\n<meta property=\"og:description\" content=\"Vous \u00eates actuellement connect\u00e9 au site web www.vibranyum.com de la soci\u00e9t\u00e9 Vibranyum. informations g\u00e9n\u00e9rales &#8211; identification de l&rsquo;\u00e9diteur du site VIBRANYUM, Soci\u00e9t\u00e9 \u00e0 Responsabilit\u00e9 limit\u00e9eSi\u00e8ge social 58, rue du B\u00e9arn, 54400 Cosnes-et-Romain \u2013 FranceCapital de 100 eurosRCS de Val de Briey n\u00b0 953 147 832N\u00b0 de TVA Intracommunautaire : FR05 953 147832Num\u00e9ro de t\u00e9l\u00e9phone :\u00a0+33 [&hellip;]\" \/>\n<meta property=\"og:url\" content=\"https:\/\/vibranyum.com\/en\/mentions-legales\/\" \/>\n<meta property=\"og:site_name\" content=\"Vibranyum\" \/>\n<meta property=\"article:publisher\" content=\"https:\/\/www.facebook.com\/vibranyumofficial\" \/>\n<meta property=\"article:modified_time\" content=\"2024-03-04T22:41:05+00:00\" \/>\n<meta property=\"og:image\" content=\"https:\/\/vibranyum.com\/wp-content\/uploads\/2024\/02\/Capture-decran-2024-02-29-a-01.43.17-595x397.png\" \/>\n\t<meta property=\"og:image:width\" content=\"595\" \/>\n\t<meta property=\"og:image:height\" content=\"397\" \/>\n\t<meta property=\"og:image:type\" content=\"image\/png\" \/>\n<meta name=\"twitter:card\" content=\"summary_large_image\" \/>\n<meta name=\"twitter:label1\" content=\"Est. reading time\" \/>\n\t<meta name=\"twitter:data1\" content=\"1 minute\" \/>\n<script type=\"application\/ld+json\" class=\"yoast-schema-graph\">{\"@context\":\"https:\\\/\\\/schema.org\",\"@graph\":[{\"@type\":\"WebPage\",\"@id\":\"https:\\\/\\\/vibranyum.com\\\/mentions-legales\\\/\",\"url\":\"https:\\\/\\\/vibranyum.com\\\/mentions-legales\\\/\",\"name\":\"mentions l\u00e9gales - Vibranyum\",\"isPartOf\":{\"@id\":\"https:\\\/\\\/vibranyum.com\\\/#website\"},\"primaryImageOfPage\":{\"@id\":\"https:\\\/\\\/vibranyum.com\\\/mentions-legales\\\/#primaryimage\"},\"image\":{\"@id\":\"https:\\\/\\\/vibranyum.com\\\/mentions-legales\\\/#primaryimage\"},\"thumbnailUrl\":\"https:\\\/\\\/vibranyum.com\\\/wp-content\\\/uploads\\\/2024\\\/02\\\/Capture-decran-2024-02-29-a-01.43.17.png\",\"datePublished\":\"2024-01-18T12:33:42+00:00\",\"dateModified\":\"2024-03-04T22:41:05+00:00\",\"breadcrumb\":{\"@id\":\"https:\\\/\\\/vibranyum.com\\\/mentions-legales\\\/#breadcrumb\"},\"inLanguage\":\"en-US\",\"potentialAction\":[{\"@type\":\"ReadAction\",\"target\":[\"https:\\\/\\\/vibranyum.com\\\/mentions-legales\\\/\"]}]},{\"@type\":\"ImageObject\",\"inLanguage\":\"en-US\",\"@id\":\"https:\\\/\\\/vibranyum.com\\\/mentions-legales\\\/#primaryimage\",\"url\":\"https:\\\/\\\/vibranyum.com\\\/wp-content\\\/uploads\\\/2024\\\/02\\\/Capture-decran-2024-02-29-a-01.43.17.png\",\"contentUrl\":\"https:\\\/\\\/vibranyum.com\\\/wp-content\\\/uploads\\\/2024\\\/02\\\/Capture-decran-2024-02-29-a-01.43.17.png\",\"width\":3232,\"height\":2158},{\"@type\":\"BreadcrumbList\",\"@id\":\"https:\\\/\\\/vibranyum.com\\\/mentions-legales\\\/#breadcrumb\",\"itemListElement\":[{\"@type\":\"ListItem\",\"position\":1,\"name\":\"Accueil\",\"item\":\"https:\\\/\\\/vibranyum.com\\\/\"},{\"@type\":\"ListItem\",\"position\":2,\"name\":\"mentions l\u00e9gales\"}]},{\"@type\":\"WebSite\",\"@id\":\"https:\\\/\\\/vibranyum.com\\\/#website\",\"url\":\"https:\\\/\\\/vibranyum.com\\\/\",\"name\":\"Vibranyum\",\"description\":\"Vibranyum.com\",\"publisher\":{\"@id\":\"https:\\\/\\\/vibranyum.com\\\/#organization\"},\"potentialAction\":[{\"@type\":\"SearchAction\",\"target\":{\"@type\":\"EntryPoint\",\"urlTemplate\":\"https:\\\/\\\/vibranyum.com\\\/?s={search_term_string}\"},\"query-input\":{\"@type\":\"PropertyValueSpecification\",\"valueRequired\":true,\"valueName\":\"search_term_string\"}}],\"inLanguage\":\"en-US\"},{\"@type\":\"Organization\",\"@id\":\"https:\\\/\\\/vibranyum.com\\\/#organization\",\"name\":\"Vibranyum\",\"url\":\"https:\\\/\\\/vibranyum.com\\\/\",\"logo\":{\"@type\":\"ImageObject\",\"inLanguage\":\"en-US\",\"@id\":\"https:\\\/\\\/vibranyum.com\\\/#\\\/schema\\\/logo\\\/image\\\/\",\"url\":\"https:\\\/\\\/vibranyum.com\\\/wp-content\\\/uploads\\\/2023\\\/11\\\/Vibranyum-World-Ft@3x-e1708513387276.png\",\"contentUrl\":\"https:\\\/\\\/vibranyum.com\\\/wp-content\\\/uploads\\\/2023\\\/11\\\/Vibranyum-World-Ft@3x-e1708513387276.png\",\"width\":5760,\"height\":1123,\"caption\":\"Vibranyum\"},\"image\":{\"@id\":\"https:\\\/\\\/vibranyum.com\\\/#\\\/schema\\\/logo\\\/image\\\/\"},\"sameAs\":[\"https:\\\/\\\/www.facebook.com\\\/vibranyumofficial\",\"https:\\\/\\\/www.instagram.com\\\/vibranyumofficial\\\/\",\"https:\\\/\\\/pin.it\\\/5TDB3gDw1\",\"https:\\\/\\\/www.tiktok.com\\\/@vibranyum\",\"https:\\\/\\\/www.youtube.com\\\/@vibranyumofficial\"]}]}<\/script>\n<!-- \/ Yoast SEO plugin. -->","yoast_head_json":{"title":"mentions l\u00e9gales - Vibranyum","robots":{"index":"index","follow":"follow","max-snippet":"max-snippet:-1","max-image-preview":"max-image-preview:large","max-video-preview":"max-video-preview:-1"},"canonical":"https:\/\/vibranyum.com\/en\/mentions-legales\/","og_locale":"en_US","og_type":"article","og_title":"mentions l\u00e9gales - Vibranyum","og_description":"Vous \u00eates actuellement connect\u00e9 au site web www.vibranyum.com de la soci\u00e9t\u00e9 Vibranyum. informations g\u00e9n\u00e9rales &#8211; identification de l&rsquo;\u00e9diteur du site VIBRANYUM, Soci\u00e9t\u00e9 \u00e0 Responsabilit\u00e9 limit\u00e9eSi\u00e8ge social 58, rue du B\u00e9arn, 54400 Cosnes-et-Romain \u2013 FranceCapital de 100 eurosRCS de Val de Briey n\u00b0 953 147 832N\u00b0 de TVA Intracommunautaire : FR05 953 147832Num\u00e9ro de t\u00e9l\u00e9phone :\u00a0+33 [&hellip;]","og_url":"https:\/\/vibranyum.com\/en\/mentions-legales\/","og_site_name":"Vibranyum","article_publisher":"https:\/\/www.facebook.com\/vibranyumofficial","article_modified_time":"2024-03-04T22:41:05+00:00","og_image":[{"width":595,"height":397,"url":"https:\/\/vibranyum.com\/wp-content\/uploads\/2024\/02\/Capture-decran-2024-02-29-a-01.43.17-595x397.png","type":"image\/png"}],"twitter_card":"summary_large_image","twitter_misc":{"Est. reading time":"1 minute"},"schema":{"@context":"https:\/\/schema.org","@graph":[{"@type":"WebPage","@id":"https:\/\/vibranyum.com\/mentions-legales\/","url":"https:\/\/vibranyum.com\/mentions-legales\/","name":"mentions l\u00e9gales - Vibranyum","isPartOf":{"@id":"https:\/\/vibranyum.com\/#website"},"primaryImageOfPage":{"@id":"https:\/\/vibranyum.com\/mentions-legales\/#primaryimage"},"image":{"@id":"https:\/\/vibranyum.com\/mentions-legales\/#primaryimage"},"thumbnailUrl":"https:\/\/vibranyum.com\/wp-content\/uploads\/2024\/02\/Capture-decran-2024-02-29-a-01.43.17.png","datePublished":"2024-01-18T12:33:42+00:00","dateModified":"2024-03-04T22:41:05+00:00","breadcrumb":{"@id":"https:\/\/vibranyum.com\/mentions-legales\/#breadcrumb"},"inLanguage":"en-US","potentialAction":[{"@type":"ReadAction","target":["https:\/\/vibranyum.com\/mentions-legales\/"]}]},{"@type":"ImageObject","inLanguage":"en-US","@id":"https:\/\/vibranyum.com\/mentions-legales\/#primaryimage","url":"https:\/\/vibranyum.com\/wp-content\/uploads\/2024\/02\/Capture-decran-2024-02-29-a-01.43.17.png","contentUrl":"https:\/\/vibranyum.com\/wp-content\/uploads\/2024\/02\/Capture-decran-2024-02-29-a-01.43.17.png","width":3232,"height":2158},{"@type":"BreadcrumbList","@id":"https:\/\/vibranyum.com\/mentions-legales\/#breadcrumb","itemListElement":[{"@type":"ListItem","position":1,"name":"Accueil","item":"https:\/\/vibranyum.com\/"},{"@type":"ListItem","position":2,"name":"mentions l\u00e9gales"}]},{"@type":"WebSite","@id":"https:\/\/vibranyum.com\/#website","url":"https:\/\/vibranyum.com\/","name":"Vibranyum","description":"Vibranyum.com","publisher":{"@id":"https:\/\/vibranyum.com\/#organization"},"potentialAction":[{"@type":"SearchAction","target":{"@type":"EntryPoint","urlTemplate":"https:\/\/vibranyum.com\/?s={search_term_string}"},"query-input":{"@type":"PropertyValueSpecification","valueRequired":true,"valueName":"search_term_string"}}],"inLanguage":"en-US"},{"@type":"Organization","@id":"https:\/\/vibranyum.com\/#organization","name":"Vibranyum","url":"https:\/\/vibranyum.com\/","logo":{"@type":"ImageObject","inLanguage":"en-US","@id":"https:\/\/vibranyum.com\/#\/schema\/logo\/image\/","url":"https:\/\/vibranyum.com\/wp-content\/uploads\/2023\/11\/Vibranyum-World-Ft@3x-e1708513387276.png","contentUrl":"https:\/\/vibranyum.com\/wp-content\/uploads\/2023\/11\/Vibranyum-World-Ft@3x-e1708513387276.png","width":5760,"height":1123,"caption":"Vibranyum"},"image":{"@id":"https:\/\/vibranyum.com\/#\/schema\/logo\/image\/"},"sameAs":["https:\/\/www.facebook.com\/vibranyumofficial","https:\/\/www.instagram.com\/vibranyumofficial\/","https:\/\/pin.it\/5TDB3gDw1","https:\/\/www.tiktok.com\/@vibranyum","https:\/\/www.youtube.com\/@vibranyumofficial"]}]}},"jetpack_sharing_enabled":true,"_links":{"self":[{"href":"https:\/\/vibranyum.com\/en\/wp-json\/wp\/v2\/pages\/4205","targetHints":{"allow":["GET"]}}],"collection":[{"href":"https:\/\/vibranyum.com\/en\/wp-json\/wp\/v2\/pages"}],"about":[{"href":"https:\/\/vibranyum.com\/en\/wp-json\/wp\/v2\/types\/page"}],"author":[{"embeddable":true,"href":"https:\/\/vibranyum.com\/en\/wp-json\/wp\/v2\/users\/1"}],"replies":[{"embeddable":true,"href":"https:\/\/vibranyum.com\/en\/wp-json\/wp\/v2\/comments?post=4205"}],"version-history":[{"count":22,"href":"https:\/\/vibranyum.com\/en\/wp-json\/wp\/v2\/pages\/4205\/revisions"}],"predecessor-version":[{"id":4794,"href":"https:\/\/vibranyum.com\/en\/wp-json\/wp\/v2\/pages\/4205\/revisions\/4794"}],"wp:featuredmedia":[{"embeddable":true,"href":"https:\/\/vibranyum.com\/en\/wp-json\/wp\/v2\/media\/4604"}],"wp:attachment":[{"href":"https:\/\/vibranyum.com\/en\/wp-json\/wp\/v2\/media?parent=4205"}],"curies":[{"name":"wp","href":"https:\/\/api.w.org\/{rel}","templated":true}]}}