{"id":3962,"date":"2023-12-15T14:46:32","date_gmt":"2023-12-15T14:46:32","guid":{"rendered":"https:\/\/vibranyum.com\/?post_type=product&#038;p=3962"},"modified":"2026-03-28T19:37:06","modified_gmt":"2026-03-28T19:37:06","slug":"t-shirt-homme-acier-inspire-superman-justice-league-dc-comics-vibranyum","status":"publish","type":"product","link":"https:\/\/vibranyum.com\/en\/product\/t-shirt-homme-acier-inspire-superman-justice-league-dc-comics-vibranyum\/","title":{"rendered":"VIBRAMAN Steel Hero \u2013 T-Shirt"},"content":{"rendered":"<p>L&rsquo;homme d&rsquo;acier en mode haute couture. Ce t-shirt VIBRANYUM s&rsquo;inspire de l&rsquo;esth\u00e9tique puissante de Superman et de la Justice League DC \u2014 pour ceux qui croient en quelque chose de plus grand qu&rsquo;eux-m\u00eames.<\/p>","protected":false},"excerpt":{"rendered":"<div class=\"page\" title=\"Page 3\">\n<div class=\"section\">\n<div class=\"layoutArea\">\n<h3>histoire de la pi\u00e8ce<\/h3>\n<p>Superman. L&rsquo;Homme d&rsquo;Acier. Le Dernier Fils de Krypton. Membre fondateur de la Justice League. Ces titres ne sont pas de simples noms \u2014 ils repr\u00e9sentent un id\u00e9al universel de force, d&rsquo;espoir et de justice. Le VIBRAMAN Steel Hero s&rsquo;en inspire avec la m\u00eame ambition.<\/p>\n<p>&nbsp;<\/p>\n<p>Ce t-shirt au design \u00e9pur\u00e9 mais reconnaissable par tous les fans de l&rsquo;univers DC est taill\u00e9 pour ceux qui portent leur admiration pour Superman au-del\u00e0 des films et des comics \u2014 dans leur style quotidien. La mati\u00e8re premium et les finitions haut de gamme sont \u00e0 la hauteur du personnage.<\/p>\n<\/div>\n<\/div>\n<\/div>","protected":false},"featured_media":3964,"comment_status":"closed","ping_status":"closed","template":"","meta":{"_mo_disable_npp":""},"product_brand":[],"product_cat":[167],"product_tag":[],"class_list":{"0":"post-3962","1":"product","2":"type-product","3":"status-publish","4":"has-post-thumbnail","6":"product_cat-t-shirts-men","8":"first","9":"instock","10":"taxable","11":"shipping-taxable","12":"purchasable","13":"product-type-variable"},"yoast_head":"<!-- This site is optimized with the Yoast SEO plugin v27.4 - https:\/\/yoast.com\/product\/yoast-seo-wordpress\/ -->\n<title>VIBRAMAN Steel Hero \u2013 T-Shirt - Vibranyum<\/title>\n<meta name=\"description\" content=\"T-shirt homme inspir\u00e9 de Superman et la Justice League DC Comics. Mode superhero masculine haut de gamme, \u00e9dition limit\u00e9e. Portez l&#039;homme d&#039;acier avec style \u2014 Vibranyum.\" \/>\n<meta name=\"robots\" content=\"index, follow, max-snippet:-1, max-image-preview:large, max-video-preview:-1\" \/>\n<link rel=\"canonical\" href=\"https:\/\/vibranyum.com\/en\/product\/t-shirt-homme-acier-inspire-superman-justice-league-dc-comics-vibranyum\/\" \/>\n<meta property=\"og:locale\" content=\"en_US\" \/>\n<meta property=\"og:type\" content=\"article\" \/>\n<meta property=\"og:title\" content=\"VIBRAMAN Steel Hero \u2013 T-Shirt - Vibranyum\" \/>\n<meta property=\"og:description\" content=\"T-shirt homme inspir\u00e9 de Superman et la Justice League DC Comics. Mode superhero masculine haut de gamme, \u00e9dition limit\u00e9e. Portez l&#039;homme d&#039;acier avec style \u2014 Vibranyum.\" \/>\n<meta property=\"og:url\" content=\"https:\/\/vibranyum.com\/en\/product\/t-shirt-homme-acier-inspire-superman-justice-league-dc-comics-vibranyum\/\" \/>\n<meta property=\"og:site_name\" content=\"Vibranyum\" \/>\n<meta property=\"article:publisher\" content=\"https:\/\/www.facebook.com\/vibranyumofficial\" \/>\n<meta property=\"article:modified_time\" content=\"2026-03-28T19:37:06+00:00\" \/>\n<meta property=\"og:image\" content=\"https:\/\/vibranyum.com\/wp-content\/uploads\/2023\/12\/EMI1689-3-scaled.jpg\" \/>\n\t<meta property=\"og:image:width\" content=\"1707\" \/>\n\t<meta property=\"og:image:height\" content=\"2560\" \/>\n\t<meta property=\"og:image:type\" content=\"image\/jpeg\" \/>\n<meta name=\"twitter:card\" content=\"summary_large_image\" \/>\n<meta name=\"twitter:label1\" content=\"Est. reading time\" \/>\n\t<meta name=\"twitter:data1\" content=\"1 minute\" \/>\n<script type=\"application\/ld+json\" class=\"yoast-schema-graph\">{\"@context\":\"https:\\\/\\\/schema.org\",\"@graph\":[{\"@type\":\"WebPage\",\"@id\":\"https:\\\/\\\/vibranyum.com\\\/product\\\/t-shirt-homme-acier-inspire-superman-justice-league-dc-comics-vibranyum\\\/\",\"url\":\"https:\\\/\\\/vibranyum.com\\\/product\\\/t-shirt-homme-acier-inspire-superman-justice-league-dc-comics-vibranyum\\\/\",\"name\":\"VIBRAMAN Steel Hero \u2013 T-Shirt - Vibranyum\",\"isPartOf\":{\"@id\":\"https:\\\/\\\/vibranyum.com\\\/#website\"},\"primaryImageOfPage\":{\"@id\":\"https:\\\/\\\/vibranyum.com\\\/product\\\/t-shirt-homme-acier-inspire-superman-justice-league-dc-comics-vibranyum\\\/#primaryimage\"},\"image\":{\"@id\":\"https:\\\/\\\/vibranyum.com\\\/product\\\/t-shirt-homme-acier-inspire-superman-justice-league-dc-comics-vibranyum\\\/#primaryimage\"},\"thumbnailUrl\":\"https:\\\/\\\/vibranyum.com\\\/wp-content\\\/uploads\\\/2023\\\/12\\\/EMI1689-3-scaled.jpg\",\"datePublished\":\"2023-12-15T14:46:32+00:00\",\"dateModified\":\"2026-03-28T19:37:06+00:00\",\"description\":\"T-shirt homme inspir\u00e9 de Superman et la Justice League DC Comics. Mode superhero masculine haut de gamme, \u00e9dition limit\u00e9e. Portez l'homme d'acier avec style \u2014 Vibranyum.\",\"breadcrumb\":{\"@id\":\"https:\\\/\\\/vibranyum.com\\\/product\\\/t-shirt-homme-acier-inspire-superman-justice-league-dc-comics-vibranyum\\\/#breadcrumb\"},\"inLanguage\":\"en-US\",\"potentialAction\":[{\"@type\":\"ReadAction\",\"target\":[\"https:\\\/\\\/vibranyum.com\\\/product\\\/t-shirt-homme-acier-inspire-superman-justice-league-dc-comics-vibranyum\\\/\"]}]},{\"@type\":\"ImageObject\",\"inLanguage\":\"en-US\",\"@id\":\"https:\\\/\\\/vibranyum.com\\\/product\\\/t-shirt-homme-acier-inspire-superman-justice-league-dc-comics-vibranyum\\\/#primaryimage\",\"url\":\"https:\\\/\\\/vibranyum.com\\\/wp-content\\\/uploads\\\/2023\\\/12\\\/EMI1689-3-scaled.jpg\",\"contentUrl\":\"https:\\\/\\\/vibranyum.com\\\/wp-content\\\/uploads\\\/2023\\\/12\\\/EMI1689-3-scaled.jpg\",\"width\":1707,\"height\":2560},{\"@type\":\"BreadcrumbList\",\"@id\":\"https:\\\/\\\/vibranyum.com\\\/product\\\/t-shirt-homme-acier-inspire-superman-justice-league-dc-comics-vibranyum\\\/#breadcrumb\",\"itemListElement\":[{\"@type\":\"ListItem\",\"position\":1,\"name\":\"Accueil\",\"item\":\"https:\\\/\\\/vibranyum.com\\\/\"},{\"@type\":\"ListItem\",\"position\":2,\"name\":\"SHOP\",\"item\":\"https:\\\/\\\/vibranyum.com\\\/shop\\\/\"},{\"@type\":\"ListItem\",\"position\":3,\"name\":\"VIBRAMAN Steel Hero \u2013 T-Shirt\"}]},{\"@type\":\"WebSite\",\"@id\":\"https:\\\/\\\/vibranyum.com\\\/#website\",\"url\":\"https:\\\/\\\/vibranyum.com\\\/\",\"name\":\"Vibranyum\",\"description\":\"Vibranyum.com\",\"publisher\":{\"@id\":\"https:\\\/\\\/vibranyum.com\\\/#organization\"},\"potentialAction\":[{\"@type\":\"SearchAction\",\"target\":{\"@type\":\"EntryPoint\",\"urlTemplate\":\"https:\\\/\\\/vibranyum.com\\\/?s={search_term_string}\"},\"query-input\":{\"@type\":\"PropertyValueSpecification\",\"valueRequired\":true,\"valueName\":\"search_term_string\"}}],\"inLanguage\":\"en-US\"},{\"@type\":\"Organization\",\"@id\":\"https:\\\/\\\/vibranyum.com\\\/#organization\",\"name\":\"Vibranyum\",\"url\":\"https:\\\/\\\/vibranyum.com\\\/\",\"logo\":{\"@type\":\"ImageObject\",\"inLanguage\":\"en-US\",\"@id\":\"https:\\\/\\\/vibranyum.com\\\/#\\\/schema\\\/logo\\\/image\\\/\",\"url\":\"https:\\\/\\\/vibranyum.com\\\/wp-content\\\/uploads\\\/2023\\\/11\\\/Vibranyum-World-Ft@3x-e1708513387276.png\",\"contentUrl\":\"https:\\\/\\\/vibranyum.com\\\/wp-content\\\/uploads\\\/2023\\\/11\\\/Vibranyum-World-Ft@3x-e1708513387276.png\",\"width\":5760,\"height\":1123,\"caption\":\"Vibranyum\"},\"image\":{\"@id\":\"https:\\\/\\\/vibranyum.com\\\/#\\\/schema\\\/logo\\\/image\\\/\"},\"sameAs\":[\"https:\\\/\\\/www.facebook.com\\\/vibranyumofficial\",\"https:\\\/\\\/www.instagram.com\\\/vibranyumofficial\\\/\",\"https:\\\/\\\/pin.it\\\/5TDB3gDw1\",\"https:\\\/\\\/www.tiktok.com\\\/@vibranyum\",\"https:\\\/\\\/www.youtube.com\\\/@vibranyumofficial\"]}]}<\/script>\n<!-- \/ Yoast SEO plugin. -->","yoast_head_json":{"title":"VIBRAMAN Steel Hero \u2013 T-Shirt - Vibranyum","description":"T-shirt homme inspir\u00e9 de Superman et la Justice League DC Comics. Mode superhero masculine haut de gamme, \u00e9dition limit\u00e9e. Portez l'homme d'acier avec style \u2014 Vibranyum.","robots":{"index":"index","follow":"follow","max-snippet":"max-snippet:-1","max-image-preview":"max-image-preview:large","max-video-preview":"max-video-preview:-1"},"canonical":"https:\/\/vibranyum.com\/en\/product\/t-shirt-homme-acier-inspire-superman-justice-league-dc-comics-vibranyum\/","og_locale":"en_US","og_type":"article","og_title":"VIBRAMAN Steel Hero \u2013 T-Shirt - Vibranyum","og_description":"T-shirt homme inspir\u00e9 de Superman et la Justice League DC Comics. Mode superhero masculine haut de gamme, \u00e9dition limit\u00e9e. Portez l'homme d'acier avec style \u2014 Vibranyum.","og_url":"https:\/\/vibranyum.com\/en\/product\/t-shirt-homme-acier-inspire-superman-justice-league-dc-comics-vibranyum\/","og_site_name":"Vibranyum","article_publisher":"https:\/\/www.facebook.com\/vibranyumofficial","article_modified_time":"2026-03-28T19:37:06+00:00","og_image":[{"width":1707,"height":2560,"url":"https:\/\/vibranyum.com\/wp-content\/uploads\/2023\/12\/EMI1689-3-scaled.jpg","type":"image\/jpeg"}],"twitter_card":"summary_large_image","twitter_misc":{"Est. reading time":"1 minute"},"schema":{"@context":"https:\/\/schema.org","@graph":[{"@type":"WebPage","@id":"https:\/\/vibranyum.com\/product\/t-shirt-homme-acier-inspire-superman-justice-league-dc-comics-vibranyum\/","url":"https:\/\/vibranyum.com\/product\/t-shirt-homme-acier-inspire-superman-justice-league-dc-comics-vibranyum\/","name":"VIBRAMAN Steel Hero \u2013 T-Shirt - Vibranyum","isPartOf":{"@id":"https:\/\/vibranyum.com\/#website"},"primaryImageOfPage":{"@id":"https:\/\/vibranyum.com\/product\/t-shirt-homme-acier-inspire-superman-justice-league-dc-comics-vibranyum\/#primaryimage"},"image":{"@id":"https:\/\/vibranyum.com\/product\/t-shirt-homme-acier-inspire-superman-justice-league-dc-comics-vibranyum\/#primaryimage"},"thumbnailUrl":"https:\/\/vibranyum.com\/wp-content\/uploads\/2023\/12\/EMI1689-3-scaled.jpg","datePublished":"2023-12-15T14:46:32+00:00","dateModified":"2026-03-28T19:37:06+00:00","description":"T-shirt homme inspir\u00e9 de Superman et la Justice League DC Comics. Mode superhero masculine haut de gamme, \u00e9dition limit\u00e9e. Portez l'homme d'acier avec style \u2014 Vibranyum.","breadcrumb":{"@id":"https:\/\/vibranyum.com\/product\/t-shirt-homme-acier-inspire-superman-justice-league-dc-comics-vibranyum\/#breadcrumb"},"inLanguage":"en-US","potentialAction":[{"@type":"ReadAction","target":["https:\/\/vibranyum.com\/product\/t-shirt-homme-acier-inspire-superman-justice-league-dc-comics-vibranyum\/"]}]},{"@type":"ImageObject","inLanguage":"en-US","@id":"https:\/\/vibranyum.com\/product\/t-shirt-homme-acier-inspire-superman-justice-league-dc-comics-vibranyum\/#primaryimage","url":"https:\/\/vibranyum.com\/wp-content\/uploads\/2023\/12\/EMI1689-3-scaled.jpg","contentUrl":"https:\/\/vibranyum.com\/wp-content\/uploads\/2023\/12\/EMI1689-3-scaled.jpg","width":1707,"height":2560},{"@type":"BreadcrumbList","@id":"https:\/\/vibranyum.com\/product\/t-shirt-homme-acier-inspire-superman-justice-league-dc-comics-vibranyum\/#breadcrumb","itemListElement":[{"@type":"ListItem","position":1,"name":"Accueil","item":"https:\/\/vibranyum.com\/"},{"@type":"ListItem","position":2,"name":"SHOP","item":"https:\/\/vibranyum.com\/shop\/"},{"@type":"ListItem","position":3,"name":"VIBRAMAN Steel Hero \u2013 T-Shirt"}]},{"@type":"WebSite","@id":"https:\/\/vibranyum.com\/#website","url":"https:\/\/vibranyum.com\/","name":"Vibranyum","description":"Vibranyum.com","publisher":{"@id":"https:\/\/vibranyum.com\/#organization"},"potentialAction":[{"@type":"SearchAction","target":{"@type":"EntryPoint","urlTemplate":"https:\/\/vibranyum.com\/?s={search_term_string}"},"query-input":{"@type":"PropertyValueSpecification","valueRequired":true,"valueName":"search_term_string"}}],"inLanguage":"en-US"},{"@type":"Organization","@id":"https:\/\/vibranyum.com\/#organization","name":"Vibranyum","url":"https:\/\/vibranyum.com\/","logo":{"@type":"ImageObject","inLanguage":"en-US","@id":"https:\/\/vibranyum.com\/#\/schema\/logo\/image\/","url":"https:\/\/vibranyum.com\/wp-content\/uploads\/2023\/11\/Vibranyum-World-Ft@3x-e1708513387276.png","contentUrl":"https:\/\/vibranyum.com\/wp-content\/uploads\/2023\/11\/Vibranyum-World-Ft@3x-e1708513387276.png","width":5760,"height":1123,"caption":"Vibranyum"},"image":{"@id":"https:\/\/vibranyum.com\/#\/schema\/logo\/image\/"},"sameAs":["https:\/\/www.facebook.com\/vibranyumofficial","https:\/\/www.instagram.com\/vibranyumofficial\/","https:\/\/pin.it\/5TDB3gDw1","https:\/\/www.tiktok.com\/@vibranyum","https:\/\/www.youtube.com\/@vibranyumofficial"]}]}},"jetpack_sharing_enabled":true,"_links":{"self":[{"href":"https:\/\/vibranyum.com\/en\/wp-json\/wp\/v2\/product\/3962","targetHints":{"allow":["GET"]}}],"collection":[{"href":"https:\/\/vibranyum.com\/en\/wp-json\/wp\/v2\/product"}],"about":[{"href":"https:\/\/vibranyum.com\/en\/wp-json\/wp\/v2\/types\/product"}],"replies":[{"embeddable":true,"href":"https:\/\/vibranyum.com\/en\/wp-json\/wp\/v2\/comments?post=3962"}],"version-history":[{"count":8,"href":"https:\/\/vibranyum.com\/en\/wp-json\/wp\/v2\/product\/3962\/revisions"}],"predecessor-version":[{"id":5198,"href":"https:\/\/vibranyum.com\/en\/wp-json\/wp\/v2\/product\/3962\/revisions\/5198"}],"wp:featuredmedia":[{"embeddable":true,"href":"https:\/\/vibranyum.com\/en\/wp-json\/wp\/v2\/media\/3964"}],"wp:attachment":[{"href":"https:\/\/vibranyum.com\/en\/wp-json\/wp\/v2\/media?parent=3962"}],"wp:term":[{"taxonomy":"product_brand","embeddable":true,"href":"https:\/\/vibranyum.com\/en\/wp-json\/wp\/v2\/product_brand?post=3962"},{"taxonomy":"product_cat","embeddable":true,"href":"https:\/\/vibranyum.com\/en\/wp-json\/wp\/v2\/product_cat?post=3962"},{"taxonomy":"product_tag","embeddable":true,"href":"https:\/\/vibranyum.com\/en\/wp-json\/wp\/v2\/product_tag?post=3962"}],"curies":[{"name":"wp","href":"https:\/\/api.w.org\/{rel}","templated":true}]}}