{"id":4106,"date":"2023-12-20T09:29:58","date_gmt":"2023-12-20T09:29:58","guid":{"rendered":"https:\/\/vibranyum.com\/?post_type=product&#038;p=4106"},"modified":"2026-03-28T19:29:26","modified_gmt":"2026-03-28T19:29:26","slug":"long-top-asymetrique-reine-amazone-inspire-wonder-woman-dc-vibranyum","status":"publish","type":"product","link":"https:\/\/vibranyum.com\/en\/product\/long-top-asymetrique-reine-amazone-inspire-wonder-woman-dc-vibranyum\/","title":{"rendered":"VIBRAWOMAN Amazonian Queen \u2013 Long Top Asym\u00e9trique"},"content":{"rendered":"<p>Le long top asym\u00e9trique le plus puissant de la collection. Inspir\u00e9 de Wonder Woman, la guerri\u00e8re divine de l&rsquo;univers DC Comics, cette pi\u00e8ce signature VIBRANYUM allie noblesse, force et esth\u00e9tique futuriste.<\/p>","protected":false},"excerpt":{"rendered":"<div class=\"page\" title=\"Page 3\">\n<div class=\"section\">\n<div class=\"layoutArea\">\n<h3>histoire de la pi\u00e8ce<\/h3>\n<p>Pendant f\u00e9minin DC du Dark Queen Black Panther, le VIBRAWOMAN Amazonian Queen est l&rsquo;autre pi\u00e8ce ma\u00eetresse de la collection. Inspir\u00e9 des robes de combat et tuniques de Wonder Woman dans les films DC, ce long top asym\u00e9trique incarne la gr\u00e2ce guerri\u00e8re \u00e0 son paroxysme.<\/p>\n<p>&nbsp;<\/p>\n<p>La coupe asym\u00e9trique cr\u00e9e un mouvement naturel qui rappelle les tenues des Amazones d&rsquo;Themyscira. Les finitions soign\u00e9es et la mati\u00e8re de qualit\u00e9 sup\u00e9rieure placent cette pi\u00e8ce dans la cat\u00e9gorie haute couture, loin de tout ce qu&rsquo;on pourrait trouver en fast fashion.<\/p>\n<\/div>\n<\/div>\n<\/div>","protected":false},"featured_media":4097,"comment_status":"closed","ping_status":"closed","template":"","meta":{"_mo_disable_npp":""},"product_brand":[],"product_cat":[196],"product_tag":[],"class_list":{"0":"post-4106","1":"product","2":"type-product","3":"status-publish","4":"has-post-thumbnail","6":"product_cat-long-top-woman","8":"first","9":"instock","10":"taxable","11":"shipping-taxable","12":"purchasable","13":"product-type-variable"},"yoast_head":"<!-- This site is optimized with the Yoast SEO plugin v27.4 - https:\/\/yoast.com\/product\/yoast-seo-wordpress\/ -->\n<title>VIBRAWOMAN Amazonian Queen \u2013 Long Top Asym\u00e9trique - Vibranyum<\/title>\n<meta name=\"description\" content=\"Long top asym\u00e9trique inspir\u00e9 de Wonder Woman et les Amazones de l&#039;univers DC Comics. Haute couture superhero fashion femme. \u00c9dition limit\u00e9e Vibranyum.\" \/>\n<meta name=\"robots\" content=\"index, follow, max-snippet:-1, max-image-preview:large, max-video-preview:-1\" \/>\n<link rel=\"canonical\" href=\"https:\/\/vibranyum.com\/en\/product\/long-top-asymetrique-reine-amazone-inspire-wonder-woman-dc-vibranyum\/\" \/>\n<meta property=\"og:locale\" content=\"en_US\" \/>\n<meta property=\"og:type\" content=\"article\" \/>\n<meta property=\"og:title\" content=\"VIBRAWOMAN Amazonian Queen \u2013 Long Top Asym\u00e9trique - Vibranyum\" \/>\n<meta property=\"og:description\" content=\"Long top asym\u00e9trique inspir\u00e9 de Wonder Woman et les Amazones de l&#039;univers DC Comics. Haute couture superhero fashion femme. \u00c9dition limit\u00e9e Vibranyum.\" \/>\n<meta property=\"og:url\" content=\"https:\/\/vibranyum.com\/en\/product\/long-top-asymetrique-reine-amazone-inspire-wonder-woman-dc-vibranyum\/\" \/>\n<meta property=\"og:site_name\" content=\"Vibranyum\" \/>\n<meta property=\"article:publisher\" content=\"https:\/\/www.facebook.com\/vibranyumofficial\" \/>\n<meta property=\"article:modified_time\" content=\"2026-03-28T19:29:26+00:00\" \/>\n<meta property=\"og:image\" content=\"https:\/\/vibranyum.com\/wp-content\/uploads\/2023\/12\/EMI1885-scaled.jpg\" \/>\n\t<meta property=\"og:image:width\" content=\"1708\" \/>\n\t<meta property=\"og:image:height\" content=\"2560\" \/>\n\t<meta property=\"og:image:type\" content=\"image\/jpeg\" \/>\n<meta name=\"twitter:card\" content=\"summary_large_image\" \/>\n<meta name=\"twitter:label1\" content=\"Est. reading time\" \/>\n\t<meta name=\"twitter:data1\" content=\"1 minute\" \/>\n<script type=\"application\/ld+json\" class=\"yoast-schema-graph\">{\"@context\":\"https:\\\/\\\/schema.org\",\"@graph\":[{\"@type\":\"WebPage\",\"@id\":\"https:\\\/\\\/vibranyum.com\\\/product\\\/long-top-asymetrique-reine-amazone-inspire-wonder-woman-dc-vibranyum\\\/\",\"url\":\"https:\\\/\\\/vibranyum.com\\\/product\\\/long-top-asymetrique-reine-amazone-inspire-wonder-woman-dc-vibranyum\\\/\",\"name\":\"VIBRAWOMAN Amazonian Queen \u2013 Long Top Asym\u00e9trique - Vibranyum\",\"isPartOf\":{\"@id\":\"https:\\\/\\\/vibranyum.com\\\/#website\"},\"primaryImageOfPage\":{\"@id\":\"https:\\\/\\\/vibranyum.com\\\/product\\\/long-top-asymetrique-reine-amazone-inspire-wonder-woman-dc-vibranyum\\\/#primaryimage\"},\"image\":{\"@id\":\"https:\\\/\\\/vibranyum.com\\\/product\\\/long-top-asymetrique-reine-amazone-inspire-wonder-woman-dc-vibranyum\\\/#primaryimage\"},\"thumbnailUrl\":\"https:\\\/\\\/vibranyum.com\\\/wp-content\\\/uploads\\\/2023\\\/12\\\/EMI1885-scaled.jpg\",\"datePublished\":\"2023-12-20T09:29:58+00:00\",\"dateModified\":\"2026-03-28T19:29:26+00:00\",\"description\":\"Long top asym\u00e9trique inspir\u00e9 de Wonder Woman et les Amazones de l'univers DC Comics. Haute couture superhero fashion femme. \u00c9dition limit\u00e9e Vibranyum.\",\"breadcrumb\":{\"@id\":\"https:\\\/\\\/vibranyum.com\\\/product\\\/long-top-asymetrique-reine-amazone-inspire-wonder-woman-dc-vibranyum\\\/#breadcrumb\"},\"inLanguage\":\"en-US\",\"potentialAction\":[{\"@type\":\"ReadAction\",\"target\":[\"https:\\\/\\\/vibranyum.com\\\/product\\\/long-top-asymetrique-reine-amazone-inspire-wonder-woman-dc-vibranyum\\\/\"]}]},{\"@type\":\"ImageObject\",\"inLanguage\":\"en-US\",\"@id\":\"https:\\\/\\\/vibranyum.com\\\/product\\\/long-top-asymetrique-reine-amazone-inspire-wonder-woman-dc-vibranyum\\\/#primaryimage\",\"url\":\"https:\\\/\\\/vibranyum.com\\\/wp-content\\\/uploads\\\/2023\\\/12\\\/EMI1885-scaled.jpg\",\"contentUrl\":\"https:\\\/\\\/vibranyum.com\\\/wp-content\\\/uploads\\\/2023\\\/12\\\/EMI1885-scaled.jpg\",\"width\":1708,\"height\":2560},{\"@type\":\"BreadcrumbList\",\"@id\":\"https:\\\/\\\/vibranyum.com\\\/product\\\/long-top-asymetrique-reine-amazone-inspire-wonder-woman-dc-vibranyum\\\/#breadcrumb\",\"itemListElement\":[{\"@type\":\"ListItem\",\"position\":1,\"name\":\"Accueil\",\"item\":\"https:\\\/\\\/vibranyum.com\\\/\"},{\"@type\":\"ListItem\",\"position\":2,\"name\":\"SHOP\",\"item\":\"https:\\\/\\\/vibranyum.com\\\/shop\\\/\"},{\"@type\":\"ListItem\",\"position\":3,\"name\":\"VIBRAWOMAN Amazonian Queen \u2013 Long Top Asym\u00e9trique\"}]},{\"@type\":\"WebSite\",\"@id\":\"https:\\\/\\\/vibranyum.com\\\/#website\",\"url\":\"https:\\\/\\\/vibranyum.com\\\/\",\"name\":\"Vibranyum\",\"description\":\"Vibranyum.com\",\"publisher\":{\"@id\":\"https:\\\/\\\/vibranyum.com\\\/#organization\"},\"potentialAction\":[{\"@type\":\"SearchAction\",\"target\":{\"@type\":\"EntryPoint\",\"urlTemplate\":\"https:\\\/\\\/vibranyum.com\\\/?s={search_term_string}\"},\"query-input\":{\"@type\":\"PropertyValueSpecification\",\"valueRequired\":true,\"valueName\":\"search_term_string\"}}],\"inLanguage\":\"en-US\"},{\"@type\":\"Organization\",\"@id\":\"https:\\\/\\\/vibranyum.com\\\/#organization\",\"name\":\"Vibranyum\",\"url\":\"https:\\\/\\\/vibranyum.com\\\/\",\"logo\":{\"@type\":\"ImageObject\",\"inLanguage\":\"en-US\",\"@id\":\"https:\\\/\\\/vibranyum.com\\\/#\\\/schema\\\/logo\\\/image\\\/\",\"url\":\"https:\\\/\\\/vibranyum.com\\\/wp-content\\\/uploads\\\/2023\\\/11\\\/Vibranyum-World-Ft@3x-e1708513387276.png\",\"contentUrl\":\"https:\\\/\\\/vibranyum.com\\\/wp-content\\\/uploads\\\/2023\\\/11\\\/Vibranyum-World-Ft@3x-e1708513387276.png\",\"width\":5760,\"height\":1123,\"caption\":\"Vibranyum\"},\"image\":{\"@id\":\"https:\\\/\\\/vibranyum.com\\\/#\\\/schema\\\/logo\\\/image\\\/\"},\"sameAs\":[\"https:\\\/\\\/www.facebook.com\\\/vibranyumofficial\",\"https:\\\/\\\/www.instagram.com\\\/vibranyumofficial\\\/\",\"https:\\\/\\\/pin.it\\\/5TDB3gDw1\",\"https:\\\/\\\/www.tiktok.com\\\/@vibranyum\",\"https:\\\/\\\/www.youtube.com\\\/@vibranyumofficial\"]}]}<\/script>\n<!-- \/ Yoast SEO plugin. -->","yoast_head_json":{"title":"VIBRAWOMAN Amazonian Queen \u2013 Long Top Asym\u00e9trique - Vibranyum","description":"Long top asym\u00e9trique inspir\u00e9 de Wonder Woman et les Amazones de l'univers DC Comics. Haute couture superhero fashion femme. \u00c9dition limit\u00e9e Vibranyum.","robots":{"index":"index","follow":"follow","max-snippet":"max-snippet:-1","max-image-preview":"max-image-preview:large","max-video-preview":"max-video-preview:-1"},"canonical":"https:\/\/vibranyum.com\/en\/product\/long-top-asymetrique-reine-amazone-inspire-wonder-woman-dc-vibranyum\/","og_locale":"en_US","og_type":"article","og_title":"VIBRAWOMAN Amazonian Queen \u2013 Long Top Asym\u00e9trique - Vibranyum","og_description":"Long top asym\u00e9trique inspir\u00e9 de Wonder Woman et les Amazones de l'univers DC Comics. Haute couture superhero fashion femme. \u00c9dition limit\u00e9e Vibranyum.","og_url":"https:\/\/vibranyum.com\/en\/product\/long-top-asymetrique-reine-amazone-inspire-wonder-woman-dc-vibranyum\/","og_site_name":"Vibranyum","article_publisher":"https:\/\/www.facebook.com\/vibranyumofficial","article_modified_time":"2026-03-28T19:29:26+00:00","og_image":[{"width":1708,"height":2560,"url":"https:\/\/vibranyum.com\/wp-content\/uploads\/2023\/12\/EMI1885-scaled.jpg","type":"image\/jpeg"}],"twitter_card":"summary_large_image","twitter_misc":{"Est. reading time":"1 minute"},"schema":{"@context":"https:\/\/schema.org","@graph":[{"@type":"WebPage","@id":"https:\/\/vibranyum.com\/product\/long-top-asymetrique-reine-amazone-inspire-wonder-woman-dc-vibranyum\/","url":"https:\/\/vibranyum.com\/product\/long-top-asymetrique-reine-amazone-inspire-wonder-woman-dc-vibranyum\/","name":"VIBRAWOMAN Amazonian Queen \u2013 Long Top Asym\u00e9trique - Vibranyum","isPartOf":{"@id":"https:\/\/vibranyum.com\/#website"},"primaryImageOfPage":{"@id":"https:\/\/vibranyum.com\/product\/long-top-asymetrique-reine-amazone-inspire-wonder-woman-dc-vibranyum\/#primaryimage"},"image":{"@id":"https:\/\/vibranyum.com\/product\/long-top-asymetrique-reine-amazone-inspire-wonder-woman-dc-vibranyum\/#primaryimage"},"thumbnailUrl":"https:\/\/vibranyum.com\/wp-content\/uploads\/2023\/12\/EMI1885-scaled.jpg","datePublished":"2023-12-20T09:29:58+00:00","dateModified":"2026-03-28T19:29:26+00:00","description":"Long top asym\u00e9trique inspir\u00e9 de Wonder Woman et les Amazones de l'univers DC Comics. Haute couture superhero fashion femme. \u00c9dition limit\u00e9e Vibranyum.","breadcrumb":{"@id":"https:\/\/vibranyum.com\/product\/long-top-asymetrique-reine-amazone-inspire-wonder-woman-dc-vibranyum\/#breadcrumb"},"inLanguage":"en-US","potentialAction":[{"@type":"ReadAction","target":["https:\/\/vibranyum.com\/product\/long-top-asymetrique-reine-amazone-inspire-wonder-woman-dc-vibranyum\/"]}]},{"@type":"ImageObject","inLanguage":"en-US","@id":"https:\/\/vibranyum.com\/product\/long-top-asymetrique-reine-amazone-inspire-wonder-woman-dc-vibranyum\/#primaryimage","url":"https:\/\/vibranyum.com\/wp-content\/uploads\/2023\/12\/EMI1885-scaled.jpg","contentUrl":"https:\/\/vibranyum.com\/wp-content\/uploads\/2023\/12\/EMI1885-scaled.jpg","width":1708,"height":2560},{"@type":"BreadcrumbList","@id":"https:\/\/vibranyum.com\/product\/long-top-asymetrique-reine-amazone-inspire-wonder-woman-dc-vibranyum\/#breadcrumb","itemListElement":[{"@type":"ListItem","position":1,"name":"Accueil","item":"https:\/\/vibranyum.com\/"},{"@type":"ListItem","position":2,"name":"SHOP","item":"https:\/\/vibranyum.com\/shop\/"},{"@type":"ListItem","position":3,"name":"VIBRAWOMAN Amazonian Queen \u2013 Long Top Asym\u00e9trique"}]},{"@type":"WebSite","@id":"https:\/\/vibranyum.com\/#website","url":"https:\/\/vibranyum.com\/","name":"Vibranyum","description":"Vibranyum.com","publisher":{"@id":"https:\/\/vibranyum.com\/#organization"},"potentialAction":[{"@type":"SearchAction","target":{"@type":"EntryPoint","urlTemplate":"https:\/\/vibranyum.com\/?s={search_term_string}"},"query-input":{"@type":"PropertyValueSpecification","valueRequired":true,"valueName":"search_term_string"}}],"inLanguage":"en-US"},{"@type":"Organization","@id":"https:\/\/vibranyum.com\/#organization","name":"Vibranyum","url":"https:\/\/vibranyum.com\/","logo":{"@type":"ImageObject","inLanguage":"en-US","@id":"https:\/\/vibranyum.com\/#\/schema\/logo\/image\/","url":"https:\/\/vibranyum.com\/wp-content\/uploads\/2023\/11\/Vibranyum-World-Ft@3x-e1708513387276.png","contentUrl":"https:\/\/vibranyum.com\/wp-content\/uploads\/2023\/11\/Vibranyum-World-Ft@3x-e1708513387276.png","width":5760,"height":1123,"caption":"Vibranyum"},"image":{"@id":"https:\/\/vibranyum.com\/#\/schema\/logo\/image\/"},"sameAs":["https:\/\/www.facebook.com\/vibranyumofficial","https:\/\/www.instagram.com\/vibranyumofficial\/","https:\/\/pin.it\/5TDB3gDw1","https:\/\/www.tiktok.com\/@vibranyum","https:\/\/www.youtube.com\/@vibranyumofficial"]}]}},"jetpack_sharing_enabled":true,"_links":{"self":[{"href":"https:\/\/vibranyum.com\/en\/wp-json\/wp\/v2\/product\/4106","targetHints":{"allow":["GET"]}}],"collection":[{"href":"https:\/\/vibranyum.com\/en\/wp-json\/wp\/v2\/product"}],"about":[{"href":"https:\/\/vibranyum.com\/en\/wp-json\/wp\/v2\/types\/product"}],"replies":[{"embeddable":true,"href":"https:\/\/vibranyum.com\/en\/wp-json\/wp\/v2\/comments?post=4106"}],"version-history":[{"count":5,"href":"https:\/\/vibranyum.com\/en\/wp-json\/wp\/v2\/product\/4106\/revisions"}],"predecessor-version":[{"id":5193,"href":"https:\/\/vibranyum.com\/en\/wp-json\/wp\/v2\/product\/4106\/revisions\/5193"}],"wp:featuredmedia":[{"embeddable":true,"href":"https:\/\/vibranyum.com\/en\/wp-json\/wp\/v2\/media\/4097"}],"wp:attachment":[{"href":"https:\/\/vibranyum.com\/en\/wp-json\/wp\/v2\/media?parent=4106"}],"wp:term":[{"taxonomy":"product_brand","embeddable":true,"href":"https:\/\/vibranyum.com\/en\/wp-json\/wp\/v2\/product_brand?post=4106"},{"taxonomy":"product_cat","embeddable":true,"href":"https:\/\/vibranyum.com\/en\/wp-json\/wp\/v2\/product_cat?post=4106"},{"taxonomy":"product_tag","embeddable":true,"href":"https:\/\/vibranyum.com\/en\/wp-json\/wp\/v2\/product_tag?post=4106"}],"curies":[{"name":"wp","href":"https:\/\/api.w.org\/{rel}","templated":true}]}}